{"id":1130,"date":"2020-11-03T15:49:40","date_gmt":"2020-11-03T14:49:40","guid":{"rendered":"https:\/\/graphisme-toulouse.fr\/?page_id=1130"},"modified":"2024-09-05T18:43:19","modified_gmt":"2024-09-05T16:43:19","slug":"cours-en-ligne","status":"publish","type":"page","link":"https:\/\/graphisme-toulouse.fr\/index.php\/cours-en-ligne\/","title":{"rendered":"Cours de dessin en visio"},"content":{"rendered":"\t\t<div data-elementor-type=\"wp-page\" data-elementor-id=\"1130\" class=\"elementor elementor-1130\">\n\t\t\t\t\t\t<section class=\"elementor-section elementor-top-section elementor-element elementor-element-3a18f917 elementor-section-boxed elementor-section-height-default elementor-section-height-default\" data-id=\"3a18f917\" data-element_type=\"section\" data-e-type=\"section\">\n\t\t\t\t\t\t<div class=\"elementor-container elementor-column-gap-default\">\n\t\t\t\t\t<div class=\"elementor-column elementor-col-100 elementor-top-column elementor-element elementor-element-627a3803\" data-id=\"627a3803\" data-element_type=\"column\" data-e-type=\"column\">\n\t\t\t<div class=\"elementor-widget-wrap elementor-element-populated\">\n\t\t\t\t\t\t<div class=\"elementor-element elementor-element-e730954 elementor-widget elementor-widget-spacer\" data-id=\"e730954\" data-element_type=\"widget\" data-e-type=\"widget\" data-widget_type=\"spacer.default\">\n\t\t\t\t<div class=\"elementor-widget-container\">\n\t\t\t\t\t\t\t<div class=\"elementor-spacer\">\n\t\t\t<div class=\"elementor-spacer-inner\"><\/div>\n\t\t<\/div>\n\t\t\t\t\t\t<\/div>\n\t\t\t\t<\/div>\n\t\t\t\t<div class=\"elementor-element elementor-element-7c931b1 elementor-widget elementor-widget-heading\" data-id=\"7c931b1\" data-element_type=\"widget\" data-e-type=\"widget\" data-widget_type=\"heading.default\">\n\t\t\t\t<div class=\"elementor-widget-container\">\n\t\t\t\t\t<h2 class=\"elementor-heading-title elementor-size-default\">Des cours de dessin en pr\u00e9sentiel et en VISIO toute l'ann\u00e9e!<\/h2>\t\t\t\t<\/div>\n\t\t\t\t<\/div>\n\t\t\t\t<section class=\"elementor-section elementor-inner-section elementor-element elementor-element-e4e401b elementor-section-boxed elementor-section-height-default elementor-section-height-default\" data-id=\"e4e401b\" data-element_type=\"section\" data-e-type=\"section\">\n\t\t\t\t\t\t<div class=\"elementor-container elementor-column-gap-default\">\n\t\t\t\t\t<div class=\"elementor-column elementor-col-50 elementor-inner-column elementor-element elementor-element-d46eba8\" data-id=\"d46eba8\" data-element_type=\"column\" data-e-type=\"column\">\n\t\t\t<div class=\"elementor-widget-wrap elementor-element-populated\">\n\t\t\t\t\t\t<div class=\"elementor-element elementor-element-c106c2c elementor-widget elementor-widget-text-editor\" data-id=\"c106c2c\" data-element_type=\"widget\" data-e-type=\"widget\" data-widget_type=\"text-editor.default\">\n\t\t\t\t<div class=\"elementor-widget-container\">\n\t\t\t\t\t\t\t\t\t<p>INFOS PRATIQUES<\/p>\n<p><!-- \/wp:heading --><!-- wp:paragraph --><\/p>\t\t\t\t\t\t\t\t<\/div>\n\t\t\t\t<\/div>\n\t\t\t\t\t<\/div>\n\t\t<\/div>\n\t\t\t\t<div class=\"elementor-column elementor-col-50 elementor-inner-column elementor-element elementor-element-70f2fcb\" data-id=\"70f2fcb\" data-element_type=\"column\" data-e-type=\"column\">\n\t\t\t<div class=\"elementor-widget-wrap elementor-element-populated\">\n\t\t\t\t\t\t<div class=\"elementor-element elementor-element-5016cc2 elementor-widget elementor-widget-button\" data-id=\"5016cc2\" data-element_type=\"widget\" data-e-type=\"widget\" data-widget_type=\"button.default\">\n\t\t\t\t<div class=\"elementor-widget-container\">\n\t\t\t\t\t\t\t\t\t<div class=\"elementor-button-wrapper\">\n\t\t\t\t\t<a class=\"elementor-button elementor-button-link elementor-size-sm\" href=\"https:\/\/graphisme-toulouse.fr\/index.php\/contact\/\">\n\t\t\t\t\t\t<span class=\"elementor-button-content-wrapper\">\n\t\t\t\t\t\t<span class=\"elementor-button-icon\">\n\t\t\t\t<i aria-hidden=\"true\" class=\"fas fa-envelope\"><\/i>\t\t\t<\/span>\n\t\t\t\t\t\t\t\t\t<span class=\"elementor-button-text\">Lien de Contact<\/span>\n\t\t\t\t\t<\/span>\n\t\t\t\t\t<\/a>\n\t\t\t\t<\/div>\n\t\t\t\t\t\t\t\t<\/div>\n\t\t\t\t<\/div>\n\t\t\t\t\t<\/div>\n\t\t<\/div>\n\t\t\t\t\t<\/div>\n\t\t<\/section>\n\t\t\t\t\t<\/div>\n\t\t<\/div>\n\t\t\t\t\t<\/div>\n\t\t<\/section>\n\t\t<div class=\"elementor-element elementor-element-fe22812 e-grid e-con-boxed e-con e-parent\" data-id=\"fe22812\" data-element_type=\"container\" data-e-type=\"container\">\n\t\t\t\t\t<div class=\"e-con-inner\">\n\t\t\t\t<div class=\"elementor-element elementor-element-e159dfe elementor-widget elementor-widget-text-editor\" data-id=\"e159dfe\" data-element_type=\"widget\" data-e-type=\"widget\" data-widget_type=\"text-editor.default\">\n\t\t\t\t<div class=\"elementor-widget-container\">\n\t\t\t\t\t\t\t\t\t<p><!-- wp:heading --><!-- \/wp:paragraph --><!-- wp:paragraph --><\/p>\n<p><strong>Le D\u00e9roulement d&rsquo;une S\u00e9ance en Ligne<\/strong><\/p>\n<p>Vous \u00eates dessinateur et vous ne voulez ou ne pouvez pas sortir de chez vous? Vous pr\u00e9f\u00e9rez le confort de votre domicile? Vous \u00eates nomade? Vous habitez d\u00e9cid\u00e9ment trop loin pour participer aux s\u00e9ances en pr\u00e9sentiel? Cette solution est faite pour vous!<\/p>\n<p>La s\u00e9ance de mod\u00e8le vivant en visio est libre et dure 2 heures. Le mod\u00e8le prendra des poses courtes et longues. Une pause pour le mod\u00e8le se fera en milieu de s\u00e9ance.\u00a0<\/p>\n<p>Tous les dessinateurs devront imp\u00e9rativement couper leur son et leur cam\u00e9ra lors des poses. Vous pouvez, n\u00e9anmoins prendre la parole pour avoir des explications compl\u00e9mentaires. Merci de me pr\u00e9venir de votre pr\u00e9sence en amont par mail ou par t\u00e9l\u00e9phone.<\/p>\n<p>Cette s\u00e9ance libre ne se substitue pas \u00e0 un cours en pr\u00e9sentiel. Ainsi, aucune \u00e9ventuelle correction n&rsquo;aura lieu en ligne. Si vous avez besoin d&rsquo;un compl\u00e9ment de cours, n&rsquo;h\u00e9sitez pas \u00e0 m&rsquo;en faire la demande.<\/p>\n<p>\u00a0<\/p>\n<p><!-- \/wp:paragraph --><!-- wp:paragraph --><\/p>\n<p><!-- \/wp:paragraph --><\/p>\t\t\t\t\t\t\t\t<\/div>\n\t\t\t\t<\/div>\n\t\t\t\t<div class=\"elementor-element elementor-element-76cbc9b elementor-widget elementor-widget-image\" data-id=\"76cbc9b\" data-element_type=\"widget\" data-e-type=\"widget\" data-widget_type=\"image.default\">\n\t\t\t\t<div class=\"elementor-widget-container\">\n\t\t\t\t\t\t\t\t\t\t\t\t\t\t\t<img fetchpriority=\"high\" decoding=\"async\" width=\"768\" height=\"1024\" src=\"https:\/\/graphisme-toulouse.fr\/wp-content\/uploads\/2023\/09\/thumbnail-768x1024.jpg\" class=\"attachment-large size-large wp-image-3816\" alt=\"\" srcset=\"https:\/\/graphisme-toulouse.fr\/wp-content\/uploads\/2023\/09\/thumbnail-768x1024.jpg 768w, https:\/\/graphisme-toulouse.fr\/wp-content\/uploads\/2023\/09\/thumbnail-225x300.jpg 225w, https:\/\/graphisme-toulouse.fr\/wp-content\/uploads\/2023\/09\/thumbnail.jpg 810w\" sizes=\"(max-width: 768px) 100vw, 768px\" \/>\t\t\t\t\t\t\t\t\t\t\t\t\t\t\t<\/div>\n\t\t\t\t<\/div>\n\t\t\t\t\t<\/div>\n\t\t\t\t<\/div>\n\t\t<div class=\"elementor-element elementor-element-e3aab9e e-flex e-con-boxed e-con e-parent\" data-id=\"e3aab9e\" data-element_type=\"container\" data-e-type=\"container\">\n\t\t\t\t\t<div class=\"e-con-inner\">\n\t\t\t\t<div class=\"elementor-element elementor-element-db2b19c elementor-widget elementor-widget-text-editor\" data-id=\"db2b19c\" data-element_type=\"widget\" data-e-type=\"widget\" data-widget_type=\"text-editor.default\">\n\t\t\t\t<div class=\"elementor-widget-container\">\n\t\t\t\t\t\t\t\t\t<p><!-- wp:heading --><!-- \/wp:paragraph --><!-- wp:paragraph --><\/p>\n<ul>\n<li><strong>Les Liens Zoom\u00a0<\/strong><\/li>\n<\/ul>\n<p><span style=\"text-decoration: underline;\">MARDI DE 19H \u00c0 21H<\/span>\u00a0 Je ferai parvenir les liens zoom aux \u00e9l\u00e8ves m&rsquo;en faisant la demande.<\/p>\n<ul>\n<li><strong>Tarifs\u00a0 <\/strong>Le tarif est de 10\u20ac mod\u00e8le compris. Le r\u00e8glement se fait \u00e0 la s\u00e9ance et n&rsquo;est pas soumis \u00e0 un abonnement.<\/li>\n<\/ul>\n<p><!-- \/wp:paragraph --><!-- wp:heading --><\/p>\n<ul>\n<li><strong>R\u00e8glements\u00a0 <\/strong>Tous ces r\u00e8glements sont possibles :\u00a0par virement bancaire, par Lydia ou par ch\u00e8que.\u00a0Le r\u00e8glement doit \u00eatre r\u00e9alis\u00e9, id\u00e9alement, avant la s\u00e9ance. Si ce n\u2019est pas le cas, je ne vous en voudrais pas , je pr\u00e9f\u00e8re que vous dessiniez plut\u00f4t que vous soyez frustr\u00e9 \u00e0 cause d&rsquo;un virement en retard.<\/li>\n<\/ul>\n<p><!-- \/wp:paragraph --><!-- wp:paragraph --><\/p>\n<ul>\n<li><span style=\"text-decoration: underline;\"><strong>Virement bancaire me consulter<\/strong><\/span><!-- \/wp:paragraph --><!-- wp:paragraph --><\/li>\n<li><span style=\"text-decoration: underline;\"><strong>Application Lydia<\/strong><\/span> \u00e0 t\u00e9l\u00e9charger sur votre smartphone, vous avez juste besoin de mon num\u00e9ro de t\u00e9l\u00e9phone afin de me transmettre votre r\u00e8glement.\u00a0 Axelle Picard 0684014124.<!-- \/wp:paragraph --><!-- wp:paragraph --><\/li>\n<li><span style=\"text-decoration: underline;\"><strong>Ch\u00e8que<\/strong><\/span> : vous pouvez envoyer un ch\u00e8que \u00e0 l&rsquo;ordre d&rsquo;Axelle Picard \u00e0 cette adresse: 11 rue du Moulin Courr\u00e8ge &#8211; 31320 Castanet-Tolosan<\/li>\n<\/ul>\n<p><!-- \/wp:paragraph --><!-- wp:paragraph --><\/p>\n<p><!-- \/wp:paragraph --><\/p>\t\t\t\t\t\t\t\t<\/div>\n\t\t\t\t<\/div>\n\t\t\t\t\t<\/div>\n\t\t\t\t<\/div>\n\t\t\t\t<section class=\"elementor-section elementor-top-section elementor-element elementor-element-bc3a42b elementor-section-boxed elementor-section-height-default elementor-section-height-default\" data-id=\"bc3a42b\" data-element_type=\"section\" data-e-type=\"section\">\n\t\t\t\t\t\t<div class=\"elementor-container elementor-column-gap-default\">\n\t\t\t\t\t<div class=\"elementor-column elementor-col-100 elementor-top-column elementor-element elementor-element-b4036f4\" data-id=\"b4036f4\" data-element_type=\"column\" data-e-type=\"column\">\n\t\t\t<div class=\"elementor-widget-wrap elementor-element-populated\">\n\t\t\t\t\t\t<div class=\"elementor-element elementor-element-6792028 elementor-button-success elementor-align-center elementor-invisible elementor-widget elementor-widget-button\" data-id=\"6792028\" data-element_type=\"widget\" data-e-type=\"widget\" data-settings=\"{&quot;_animation&quot;:&quot;zoomIn&quot;}\" data-widget_type=\"button.default\">\n\t\t\t\t<div class=\"elementor-widget-container\">\n\t\t\t\t\t\t\t\t\t<div class=\"elementor-button-wrapper\">\n\t\t\t\t\t<a class=\"elementor-button elementor-button-link elementor-size-sm\" href=\"https:\/\/graphisme-toulouse.fr\/index.php\/cours-de-dessin-2\/\">\n\t\t\t\t\t\t<span class=\"elementor-button-content-wrapper\">\n\t\t\t\t\t\t\t\t\t<span class=\"elementor-button-text\">INFOS COURS DE DESSIN<\/span>\n\t\t\t\t\t<\/span>\n\t\t\t\t\t<\/a>\n\t\t\t\t<\/div>\n\t\t\t\t\t\t\t\t<\/div>\n\t\t\t\t<\/div>\n\t\t\t\t\t<\/div>\n\t\t<\/div>\n\t\t\t\t\t<\/div>\n\t\t<\/section>\n\t\t<div class=\"elementor-element elementor-element-c426cc5 e-flex e-con-boxed e-con e-parent\" data-id=\"c426cc5\" data-element_type=\"container\" data-e-type=\"container\">\n\t\t\t\t\t<div class=\"e-con-inner\">\n\t\t\t\t<div class=\"elementor-element elementor-element-e0c0975 elementor-widget elementor-widget-spacer\" data-id=\"e0c0975\" data-element_type=\"widget\" data-e-type=\"widget\" data-widget_type=\"spacer.default\">\n\t\t\t\t<div class=\"elementor-widget-container\">\n\t\t\t\t\t\t\t<div class=\"elementor-spacer\">\n\t\t\t<div class=\"elementor-spacer-inner\"><\/div>\n\t\t<\/div>\n\t\t\t\t\t\t<\/div>\n\t\t\t\t<\/div>\n\t\t\t\t\t<\/div>\n\t\t\t\t<\/div>\n\t\t<div class=\"elementor-element elementor-element-6898936 e-flex e-con-boxed e-con e-parent\" data-id=\"6898936\" data-element_type=\"container\" data-e-type=\"container\">\n\t\t\t\t\t<div class=\"e-con-inner\">\n\t\t<div class=\"elementor-element elementor-element-b2c6732 e-con-full e-flex e-con e-child\" data-id=\"b2c6732\" data-element_type=\"container\" data-e-type=\"container\">\n\t\t\t\t<div class=\"elementor-element elementor-element-eb0d1a2 elementor-shape-rounded elementor-grid-0 e-grid-align-center elementor-widget elementor-widget-social-icons\" data-id=\"eb0d1a2\" data-element_type=\"widget\" data-e-type=\"widget\" data-widget_type=\"social-icons.default\">\n\t\t\t\t<div class=\"elementor-widget-container\">\n\t\t\t\t\t\t\t<div class=\"elementor-social-icons-wrapper elementor-grid\" role=\"list\">\n\t\t\t\t\t\t\t<span class=\"elementor-grid-item\" role=\"listitem\">\n\t\t\t\t\t<a class=\"elementor-icon elementor-social-icon elementor-social-icon-facebook elementor-repeater-item-37bc61f\" href=\"https:\/\/www.facebook.com\/axellepicarddessin\/\" target=\"_blank\">\n\t\t\t\t\t\t<span class=\"elementor-screen-only\">Facebook<\/span>\n\t\t\t\t\t\t<i aria-hidden=\"true\" class=\"fab fa-facebook\"><\/i>\t\t\t\t\t<\/a>\n\t\t\t\t<\/span>\n\t\t\t\t\t\t\t<span class=\"elementor-grid-item\" role=\"listitem\">\n\t\t\t\t\t<a class=\"elementor-icon elementor-social-icon elementor-social-icon-instagram elementor-repeater-item-154ae8b\" href=\"https:\/\/www.instagram.com\/picard_axelle\/\" target=\"_blank\">\n\t\t\t\t\t\t<span class=\"elementor-screen-only\">Instagram<\/span>\n\t\t\t\t\t\t<i aria-hidden=\"true\" class=\"fab fa-instagram\"><\/i>\t\t\t\t\t<\/a>\n\t\t\t\t<\/span>\n\t\t\t\t\t\t\t<span class=\"elementor-grid-item\" role=\"listitem\">\n\t\t\t\t\t<a class=\"elementor-icon elementor-social-icon elementor-social-icon-envelope elementor-repeater-item-b99bfd3\" href=\"https:\/\/graphisme-toulouse.fr\/index.php\/contact\/\" target=\"_blank\">\n\t\t\t\t\t\t<span class=\"elementor-screen-only\">Envelope<\/span>\n\t\t\t\t\t\t<i aria-hidden=\"true\" class=\"far fa-envelope\"><\/i>\t\t\t\t\t<\/a>\n\t\t\t\t<\/span>\n\t\t\t\t\t<\/div>\n\t\t\t\t\t\t<\/div>\n\t\t\t\t<\/div>\n\t\t\t\t<\/div>\n\t\t\t\t\t<\/div>\n\t\t\t\t<\/div>\n\t\t\t\t<\/div>\n\t\t","protected":false},"excerpt":{"rendered":"<p>Des cours de dessin en pr\u00e9sentiel et en VISIO toute l&rsquo;ann\u00e9e! INFOS PRATIQUES Lien de Contact Le D\u00e9roulement d&rsquo;une S\u00e9ance en Ligne Vous \u00eates dessinateur et vous ne voulez ou&hellip;&nbsp;<a href=\"https:\/\/graphisme-toulouse.fr\/index.php\/cours-en-ligne\/\" rel=\"bookmark\">Lire la suite &raquo;<span class=\"screen-reader-text\">Cours de dessin en visio<\/span><\/a><\/p>\n","protected":false},"author":1,"featured_media":0,"parent":0,"menu_order":0,"comment_status":"closed","ping_status":"closed","template":"elementor_header_footer","meta":{"neve_meta_sidebar":"","neve_meta_container":"","neve_meta_enable_content_width":"","neve_meta_content_width":0,"neve_meta_title_alignment":"","neve_meta_author_avatar":"","neve_post_elements_order":"","neve_meta_disable_header":"","neve_meta_disable_footer":"","neve_meta_disable_title":"","_price":"","_stock":"","_tribe_ticket_header":"","_tribe_default_ticket_provider":"","_tribe_ticket_capacity":"0","_ticket_start_date":"","_ticket_end_date":"","_tribe_ticket_show_description":"","_tribe_ticket_show_not_going":false,"_tribe_ticket_use_global_stock":"","_tribe_ticket_global_stock_level":"","_global_stock_mode":"","_global_stock_cap":"","_tribe_rsvp_for_event":"","_tribe_ticket_going_count":"","_tribe_ticket_not_going_count":"","_tribe_tickets_list":"[]","_tribe_ticket_has_attendee_info_fields":false,"footnotes":"","_tec_slr_enabled":"","_tec_slr_layout":""},"class_list":["post-1130","page","type-page","status-publish","hentry"],"aioseo_notices":[],"ticketed":false,"_links":{"self":[{"href":"https:\/\/graphisme-toulouse.fr\/index.php\/wp-json\/wp\/v2\/pages\/1130","targetHints":{"allow":["GET"]}}],"collection":[{"href":"https:\/\/graphisme-toulouse.fr\/index.php\/wp-json\/wp\/v2\/pages"}],"about":[{"href":"https:\/\/graphisme-toulouse.fr\/index.php\/wp-json\/wp\/v2\/types\/page"}],"author":[{"embeddable":true,"href":"https:\/\/graphisme-toulouse.fr\/index.php\/wp-json\/wp\/v2\/users\/1"}],"replies":[{"embeddable":true,"href":"https:\/\/graphisme-toulouse.fr\/index.php\/wp-json\/wp\/v2\/comments?post=1130"}],"version-history":[{"count":146,"href":"https:\/\/graphisme-toulouse.fr\/index.php\/wp-json\/wp\/v2\/pages\/1130\/revisions"}],"predecessor-version":[{"id":4654,"href":"https:\/\/graphisme-toulouse.fr\/index.php\/wp-json\/wp\/v2\/pages\/1130\/revisions\/4654"}],"wp:attachment":[{"href":"https:\/\/graphisme-toulouse.fr\/index.php\/wp-json\/wp\/v2\/media?parent=1130"}],"curies":[{"name":"wp","href":"https:\/\/api.w.org\/{rel}","templated":true}]}}