{"id":1096,"date":"2020-06-28T19:44:58","date_gmt":"2020-06-28T17:44:58","guid":{"rendered":"https:\/\/graphisme-toulouse.fr\/?page_id=1096"},"modified":"2025-06-17T16:16:56","modified_gmt":"2025-06-17T14:16:56","slug":"planning-des-cours","status":"publish","type":"page","link":"https:\/\/graphisme-toulouse.fr\/index.php\/planning-des-cours\/","title":{"rendered":"Planning des cours"},"content":{"rendered":"\t\t<div data-elementor-type=\"wp-page\" data-elementor-id=\"1096\" class=\"elementor elementor-1096\">\n\t\t\t\t<div class=\"elementor-element elementor-element-3602b16 e-flex e-con-boxed e-con e-parent\" data-id=\"3602b16\" data-element_type=\"container\" data-e-type=\"container\">\n\t\t\t\t\t<div class=\"e-con-inner\">\n\t\t\t\t<div class=\"elementor-element elementor-element-51b9ce7 elementor-widget elementor-widget-spacer\" data-id=\"51b9ce7\" data-element_type=\"widget\" data-e-type=\"widget\" data-widget_type=\"spacer.default\">\n\t\t\t\t<div class=\"elementor-widget-container\">\n\t\t\t\t\t\t\t<div class=\"elementor-spacer\">\n\t\t\t<div class=\"elementor-spacer-inner\"><\/div>\n\t\t<\/div>\n\t\t\t\t\t\t<\/div>\n\t\t\t\t<\/div>\n\t\t\t\t<div class=\"elementor-element elementor-element-a48dc29 elementor-widget elementor-widget-heading\" data-id=\"a48dc29\" data-element_type=\"widget\" data-e-type=\"widget\" data-widget_type=\"heading.default\">\n\t\t\t\t<div class=\"elementor-widget-container\">\n\t\t\t\t\t<h2 class=\"elementor-heading-title elementor-size-default\">Planning 2025\/2026 des cours de dessin et mod\u00e8le vivant<\/h2>\t\t\t\t<\/div>\n\t\t\t\t<\/div>\n\t\t\t\t\t<\/div>\n\t\t\t\t<\/div>\n\t\t<div class=\"elementor-element elementor-element-878e88d e-flex e-con-boxed e-con e-parent\" data-id=\"878e88d\" data-element_type=\"container\" data-e-type=\"container\">\n\t\t\t\t\t<div class=\"e-con-inner\">\n\t\t\t\t<div class=\"elementor-element elementor-element-de4369f elementor-widget elementor-widget-spacer\" data-id=\"de4369f\" data-element_type=\"widget\" data-e-type=\"widget\" data-widget_type=\"spacer.default\">\n\t\t\t\t<div class=\"elementor-widget-container\">\n\t\t\t\t\t\t\t<div class=\"elementor-spacer\">\n\t\t\t<div class=\"elementor-spacer-inner\"><\/div>\n\t\t<\/div>\n\t\t\t\t\t\t<\/div>\n\t\t\t\t<\/div>\n\t\t\t\t<div class=\"elementor-element elementor-element-8f2917b elementor-widget elementor-widget-image\" data-id=\"8f2917b\" data-element_type=\"widget\" data-e-type=\"widget\" data-widget_type=\"image.default\">\n\t\t\t\t<div class=\"elementor-widget-container\">\n\t\t\t\t\t\t\t\t\t\t\t\t\t\t\t<img fetchpriority=\"high\" decoding=\"async\" width=\"1000\" height=\"750\" src=\"https:\/\/graphisme-toulouse.fr\/wp-content\/uploads\/2025\/06\/planning-des-cours-de-dessin-et-modele-vivaant-axelle-picard-toulouse-et-lacroix-falgarde.png\" class=\"attachment-large size-large wp-image-5041\" alt=\"\" srcset=\"https:\/\/graphisme-toulouse.fr\/wp-content\/uploads\/2025\/06\/planning-des-cours-de-dessin-et-modele-vivaant-axelle-picard-toulouse-et-lacroix-falgarde.png 1000w, https:\/\/graphisme-toulouse.fr\/wp-content\/uploads\/2025\/06\/planning-des-cours-de-dessin-et-modele-vivaant-axelle-picard-toulouse-et-lacroix-falgarde-300x225.png 300w, https:\/\/graphisme-toulouse.fr\/wp-content\/uploads\/2025\/06\/planning-des-cours-de-dessin-et-modele-vivaant-axelle-picard-toulouse-et-lacroix-falgarde-768x576.png 768w\" sizes=\"(max-width: 1000px) 100vw, 1000px\" \/>\t\t\t\t\t\t\t\t\t\t\t\t\t\t\t<\/div>\n\t\t\t\t<\/div>\n\t\t\t\t<div class=\"elementor-element elementor-element-e98d011 elementor-widget elementor-widget-spacer\" data-id=\"e98d011\" data-element_type=\"widget\" data-e-type=\"widget\" data-widget_type=\"spacer.default\">\n\t\t\t\t<div class=\"elementor-widget-container\">\n\t\t\t\t\t\t\t<div class=\"elementor-spacer\">\n\t\t\t<div class=\"elementor-spacer-inner\"><\/div>\n\t\t<\/div>\n\t\t\t\t\t\t<\/div>\n\t\t\t\t<\/div>\n\t\t\t\t\t<\/div>\n\t\t\t\t<\/div>\n\t\t<div class=\"elementor-element elementor-element-1c7105d e-flex e-con-boxed e-con e-parent\" data-id=\"1c7105d\" data-element_type=\"container\" data-e-type=\"container\" data-settings=\"{&quot;background_background&quot;:&quot;classic&quot;}\">\n\t\t\t\t\t<div class=\"e-con-inner\">\n\t\t<div class=\"elementor-element elementor-element-dfea79c e-con-full e-flex e-con e-child\" data-id=\"dfea79c\" data-element_type=\"container\" data-e-type=\"container\">\n\t\t\t\t<div class=\"elementor-element elementor-element-db6c54c elementor-widget elementor-widget-text-editor\" data-id=\"db6c54c\" data-element_type=\"widget\" data-e-type=\"widget\" data-widget_type=\"text-editor.default\">\n\t\t\t\t<div class=\"elementor-widget-container\">\n\t\t\t\t\t\t\t\t\t<p>Les cours de Dessin (Bases et Techniques) et de Mod\u00e8le Vivant pour adultes et adolescents ont lieu en journ\u00e9e et le soir.<\/p>\n<p><!-- \/wp:paragraph --><!-- wp:paragraph --><\/p>\n<p>Les inscriptions sont possibles toute l&rsquo;ann\u00e9e. Les cours sont adapt\u00e9s \u00e0 tous niveaux : d\u00e9butants \u00e0 exp\u00e9riment\u00e9s.<\/p>\t\t\t\t\t\t\t\t<\/div>\n\t\t\t\t<\/div>\n\t\t\t\t<\/div>\n\t\t<div class=\"elementor-element elementor-element-f35d886 e-con-full e-flex e-con e-child\" data-id=\"f35d886\" data-element_type=\"container\" data-e-type=\"container\">\n\t\t\t\t<div class=\"elementor-element elementor-element-c4d123f elementor-widget elementor-widget-spacer\" data-id=\"c4d123f\" data-element_type=\"widget\" data-e-type=\"widget\" data-widget_type=\"spacer.default\">\n\t\t\t\t<div class=\"elementor-widget-container\">\n\t\t\t\t\t\t\t<div class=\"elementor-spacer\">\n\t\t\t<div class=\"elementor-spacer-inner\"><\/div>\n\t\t<\/div>\n\t\t\t\t\t\t<\/div>\n\t\t\t\t<\/div>\n\t\t\t\t<div class=\"elementor-element elementor-element-f3ecfba elementor-align-center elementor-widget elementor-widget-button\" data-id=\"f3ecfba\" data-element_type=\"widget\" data-e-type=\"widget\" data-widget_type=\"button.default\">\n\t\t\t\t<div class=\"elementor-widget-container\">\n\t\t\t\t\t\t\t\t\t<div class=\"elementor-button-wrapper\">\n\t\t\t\t\t<a class=\"elementor-button elementor-button-link elementor-size-xl\" href=\"https:\/\/graphisme-toulouse.fr\/index.php\/contact\/\">\n\t\t\t\t\t\t<span class=\"elementor-button-content-wrapper\">\n\t\t\t\t\t\t\t\t\t<span class=\"elementor-button-text\">Contactez-moi<\/span>\n\t\t\t\t\t<\/span>\n\t\t\t\t\t<\/a>\n\t\t\t\t<\/div>\n\t\t\t\t\t\t\t\t<\/div>\n\t\t\t\t<\/div>\n\t\t\t\t<\/div>\n\t\t\t\t\t<\/div>\n\t\t\t\t<\/div>\n\t\t<div class=\"elementor-element elementor-element-d0c1798 e-flex e-con-boxed e-con e-parent\" data-id=\"d0c1798\" data-element_type=\"container\" data-e-type=\"container\">\n\t\t\t\t\t<div class=\"e-con-inner\">\n\t\t\t\t<div class=\"elementor-element elementor-element-5d7a1bc elementor-widget elementor-widget-text-editor\" data-id=\"5d7a1bc\" data-element_type=\"widget\" data-e-type=\"widget\" data-widget_type=\"text-editor.default\">\n\t\t\t\t<div class=\"elementor-widget-container\">\n\t\t\t\t\t\t\t\t\t<p>Les cours de dessin sont adapt\u00e9s \u00e0 tous les niveaux &#8211; Axelle Picard &#8211; professeur de dessin \u00e0 Toulouse et Lacroix Falgarde &#8211; planning des cours de dessin &#8211; dates des s\u00e9ances libres de mod\u00e8le vivant &#8211; beaux-arts &#8211; cours de dessin s\u00e9niors &#8211; en journ\u00e9e &#8211; le jour &#8211; en soir\u00e9e &#8211; dessinateurs &#8211; cours en visio &#8211; application zoom &#8211; artistes &#8211; exposition &#8211; mod\u00e8le &#8211; passion &#8211; Nocturne du Mod\u00e8le Vivant &#8211; Enterrement de vie de jeune fille &#8211; EVJF &#8211; stages &#8211; cr\u00e9atif &#8211;<\/p>\t\t\t\t\t\t\t\t<\/div>\n\t\t\t\t<\/div>\n\t\t\t\t\t<\/div>\n\t\t\t\t<\/div>\n\t\t\t\t<\/div>\n\t\t","protected":false},"excerpt":{"rendered":"<p>Planning 2025\/2026 des cours de dessin et mod\u00e8le vivant Les cours de Dessin (Bases et Techniques) et de Mod\u00e8le Vivant pour adultes et adolescents ont lieu en journ\u00e9e et le soir. Les inscriptions sont possibles toute l&rsquo;ann\u00e9e. Les cours sont adapt\u00e9s \u00e0 tous niveaux : d\u00e9butants \u00e0 exp\u00e9riment\u00e9s. Contactez-moi Les cours de dessin sont adapt\u00e9s&hellip;&nbsp;<a href=\"https:\/\/graphisme-toulouse.fr\/index.php\/planning-des-cours\/\" rel=\"bookmark\">Lire la suite &raquo;<span class=\"screen-reader-text\">Planning des cours<\/span><\/a><\/p>\n","protected":false},"author":1,"featured_media":0,"parent":0,"menu_order":0,"comment_status":"closed","ping_status":"closed","template":"elementor_theme","meta":{"neve_meta_sidebar":"","neve_meta_container":"contained","neve_meta_enable_content_width":"","neve_meta_content_width":0,"neve_meta_title_alignment":"","neve_meta_author_avatar":"","neve_post_elements_order":"","neve_meta_disable_header":"","neve_meta_disable_footer":"","neve_meta_disable_title":"","footnotes":""},"class_list":["post-1096","page","type-page","status-publish","hentry"],"aioseo_notices":[],"_links":{"self":[{"href":"https:\/\/graphisme-toulouse.fr\/index.php\/wp-json\/wp\/v2\/pages\/1096","targetHints":{"allow":["GET"]}}],"collection":[{"href":"https:\/\/graphisme-toulouse.fr\/index.php\/wp-json\/wp\/v2\/pages"}],"about":[{"href":"https:\/\/graphisme-toulouse.fr\/index.php\/wp-json\/wp\/v2\/types\/page"}],"author":[{"embeddable":true,"href":"https:\/\/graphisme-toulouse.fr\/index.php\/wp-json\/wp\/v2\/users\/1"}],"replies":[{"embeddable":true,"href":"https:\/\/graphisme-toulouse.fr\/index.php\/wp-json\/wp\/v2\/comments?post=1096"}],"version-history":[{"count":34,"href":"https:\/\/graphisme-toulouse.fr\/index.php\/wp-json\/wp\/v2\/pages\/1096\/revisions"}],"predecessor-version":[{"id":5044,"href":"https:\/\/graphisme-toulouse.fr\/index.php\/wp-json\/wp\/v2\/pages\/1096\/revisions\/5044"}],"wp:attachment":[{"href":"https:\/\/graphisme-toulouse.fr\/index.php\/wp-json\/wp\/v2\/media?parent=1096"}],"curies":[{"name":"wp","href":"https:\/\/api.w.org\/{rel}","templated":true}]}}